{"id":25,"date":"2022-09-26T13:01:08","date_gmt":"2022-09-26T16:01:08","guid":{"rendered":"http:\/\/primerapuerta.local\/contact\/"},"modified":"2022-10-12T09:09:45","modified_gmt":"2022-10-12T12:09:45","slug":"contacto","status":"publish","type":"page","link":"https:\/\/www.primerapuerta.cl\/en\/contacto\/","title":{"rendered":"Contact"},"content":{"rendered":"<div data-elementor-type=\"wp-page\" data-elementor-id=\"25\" class=\"elementor elementor-25\">\n\t\t\t\t\t\t<section class=\"has_eae_slider elementor-section elementor-top-section elementor-element elementor-element-5ca19c13 elementor-section-content-middle elementor-section-full_width elementor-section-height-min-height elementor-section-height-default elementor-section-items-middle\" data-eae-slider=\"17448\" data-id=\"5ca19c13\" data-element_type=\"section\" data-e-type=\"section\" data-settings=\"{&quot;background_background&quot;:&quot;classic&quot;}\">\n\t\t\t\t\t\t<div class=\"elementor-container elementor-column-gap-no\">\n\t\t\t\t\t<div class=\"has_eae_slider elementor-column elementor-col-50 elementor-top-column elementor-element elementor-element-105f4ac\" data-eae-slider=\"52317\" data-id=\"105f4ac\" data-element_type=\"column\" data-e-type=\"column\">\n\t\t\t<div class=\"elementor-widget-wrap elementor-element-populated\">\n\t\t\t\t\t\t<div class=\"elementor-element elementor-element-2e4743c1 elementor-widget elementor-widget-heading\" data-id=\"2e4743c1\" data-element_type=\"widget\" data-e-type=\"widget\" data-widget_type=\"heading.default\">\n\t\t\t\t<div class=\"elementor-widget-container\">\n\t\t\t\t\t<h1 class=\"elementor-heading-title elementor-size-default\">Write to us<\/h1>\t\t\t\t<\/div>\n\t\t\t\t<\/div>\n\t\t\t\t<div class=\"elementor-element elementor-element-71cce2cf elementor-widget elementor-widget-text-editor\" data-id=\"71cce2cf\" data-element_type=\"widget\" data-e-type=\"widget\" data-widget_type=\"text-editor.default\">\n\t\t\t\t<div class=\"elementor-widget-container\">\n\t\t\t\t\t\t\t\t\t<p>We would love to hear about your professional project.<\/p>\t\t\t\t\t\t\t\t<\/div>\n\t\t\t\t<\/div>\n\t\t\t\t<div class=\"elementor-element elementor-element-6d17757 premium-type-column elementor-widget elementor-widget-premium-icon-list\" data-id=\"6d17757\" data-element_type=\"widget\" data-e-type=\"widget\" data-settings=\"{&quot;rbadges_repeater&quot;:[]}\" data-widget_type=\"premium-icon-list.default\">\n\t\t\t\t<div class=\"elementor-widget-container\">\n\t\t\t\t\t\t\t\t<ul class=\"premium-bullet-list-box\">\n\t\t\t\t\n\t\t\t\t\t\t\t<li class=\"premium-bullet-list-content elementor-repeater-item-8206293\">\n\t\t\t\t\t\t\t\t<div class=\"premium-bullet-list-text\">\n\t\t\t\t\t\t\t\t\t\t\t\t\t\t\t\t\t\t\t<div class=\"premium-bullet-list-wrapper\">\n\t\t\t\t\t\t\t\t\t\t\t<div class=\"premium-lottie-animation\" data-lottie-url=\"https:\/\/assets9.lottiefiles.com\/packages\/lf20_jtSjGL.json\" data-lottie-loop=\"true\" data-lottie-reverse=\"\"><\/div>\t\t\t\t\t\t\t\t\t\t\t<\/div>\n\t\t\t\t\t\t\t\t\t\n\t\t\t\t\t\t\t\t\t<div class=\"premium-bullet-list-text-wrapper\">\n\t\t\t\t\t\t\t\t\t\t<span class=\"premium-bullet-text\" data-text=\"Ra\u00fal Labb\u00e9 12613 Of.614 Lo Barnechea. Santiago, Chile\"> Ra\u00fal Labb\u00e9 12613 Of.614 Lo Barnechea. Santiago, Chile <\/span>\t\t\t\t\t\t\t\t\t\t\t\t\t\t\t\t\t\t\t<\/div>\n\t\t\t\t\t\t\t\t<\/div>\n\n\t\t\t\t\t\t\t\t\n\t\t\t\t\t\t\t\t\n\t\t\t\t\t\t\t<\/li>\n\n\t\t\t\t\t\t\t\n\t\t\t\t\t\t\t<li class=\"premium-bullet-list-content elementor-repeater-item-0995358\">\n\t\t\t\t\t\t\t\t<div class=\"premium-bullet-list-text\">\n\t\t\t\t\t\t\t\t\t\t\t\t\t\t\t\t\t\t\t<div class=\"premium-bullet-list-wrapper\">\n\t\t\t\t\t\t\t\t\t\t\t<div class=\"premium-lottie-animation\" data-lottie-url=\"https:\/\/assets6.lottiefiles.com\/private_files\/lf30_zmscd3x6.json\" data-lottie-loop=\"true\" data-lottie-reverse=\"\"><\/div>\t\t\t\t\t\t\t\t\t\t\t<\/div>\n\t\t\t\t\t\t\t\t\t\n\t\t\t\t\t\t\t\t\t<div class=\"premium-bullet-list-text-wrapper\">\n\t\t\t\t\t\t\t\t\t\t<span class=\"premium-bullet-text\" data-text=\"ari@primerapuerta.cl\"> ari@primerapuerta.cl <\/span>\t\t\t\t\t\t\t\t\t\t\t\t\t\t\t\t\t\t\t<\/div>\n\t\t\t\t\t\t\t\t<\/div>\n\n\t\t\t\t\t\t\t\t\n\t\t\t\t\t\t\t\t\n\t\t\t\t\t\t\t<\/li>\n\n\t\t\t\t\t\t\t\n\t\t\t\t\t\t\t<li class=\"premium-bullet-list-content elementor-repeater-item-ad4ad84\">\n\t\t\t\t\t\t\t\t<div class=\"premium-bullet-list-text\">\n\t\t\t\t\t\t\t\t\t\t\t\t\t\t\t\t\t\t\t<div class=\"premium-bullet-list-wrapper\">\n\t\t\t\t\t\t\t\t\t\t\t<div class=\"premium-lottie-animation\" data-lottie-url=\"https:\/\/assets10.lottiefiles.com\/packages\/lf20_xpaw04cf.json\" data-lottie-loop=\"true\" data-lottie-reverse=\"\"><\/div>\t\t\t\t\t\t\t\t\t\t\t<\/div>\n\t\t\t\t\t\t\t\t\t\n\t\t\t\t\t\t\t\t\t<div class=\"premium-bullet-list-text-wrapper\">\n\t\t\t\t\t\t\t\t\t\t<span class=\"premium-bullet-text\" data-text=\"+56 9 9874 4442\"> +56 9 9874 4442 <\/span>\t\t\t\t\t\t\t\t\t\t\t\t\t\t\t\t\t\t\t<\/div>\n\t\t\t\t\t\t\t\t<\/div>\n\n\t\t\t\t\t\t\t\t\n\t\t\t\t\t\t\t\t\n\t\t\t\t\t\t\t<\/li>\n\n\t\t\t\t\t\t\t\t\t\t<\/ul>\n\t\t\t\t\t\t<\/div>\n\t\t\t\t<\/div>\n\t\t\t\t\t<\/div>\n\t\t<\/div>\n\t\t\t\t<div class=\"has_eae_slider elementor-column elementor-col-50 elementor-top-column elementor-element elementor-element-587c08cb\" data-eae-slider=\"86260\" data-id=\"587c08cb\" data-element_type=\"column\" data-e-type=\"column\">\n\t\t\t<div class=\"elementor-widget-wrap\">\n\t\t\t\t\t\t\t<\/div>\n\t\t<\/div>\n\t\t\t\t\t<\/div>\n\t\t<\/section>\n\t\t\t\t<section class=\"has_eae_slider elementor-section elementor-top-section elementor-element elementor-element-e6d2bc2 elementor-section-boxed elementor-section-height-default elementor-section-height-default\" data-eae-slider=\"11137\" data-id=\"e6d2bc2\" data-element_type=\"section\" data-e-type=\"section\">\n\t\t\t\t\t\t<div class=\"elementor-container elementor-column-gap-default\">\n\t\t\t\t\t<div class=\"has_eae_slider elementor-column elementor-col-100 elementor-top-column elementor-element elementor-element-13efa132\" data-eae-slider=\"11731\" data-id=\"13efa132\" data-element_type=\"column\" data-e-type=\"column\">\n\t\t\t<div class=\"elementor-widget-wrap elementor-element-populated\">\n\t\t\t\t\t\t<div class=\"elementor-element elementor-element-281799b elementor-widget elementor-widget-html\" data-id=\"281799b\" data-element_type=\"widget\" data-e-type=\"widget\" data-widget_type=\"html.default\">\n\t\t\t\t<div class=\"elementor-widget-container\">\n\t\t\t\t\t<iframe src=\"https:\/\/www.google.com\/maps\/embed?pb=!1m18!1m12!1m3!1d3332.2230406533818!2d-70.5199895076992!3d-33.36524261957477!2m3!1f0!2f0!3f0!3m2!1i1024!2i768!4f13.1!3m3!1m2!1s0x9662cbe5e87c9433%3A0xd426e8fcddeaf8a8!2sAgencia%20Primera%20Puerta!5e0!3m2!1ses!2sfr!4v1664913970831!5m2!1ses!2sfr\" width=\"600\" height=\"450\" style=\"border:0;\" allowfullscreen=\"\" loading=\"lazy\" referrerpolicy=\"no-referrer-when-downgrade\"><\/iframe>\t\t\t\t<\/div>\n\t\t\t\t<\/div>\n\t\t\t\t\t<\/div>\n\t\t<\/div>\n\t\t\t\t\t<\/div>\n\t\t<\/section>\n\t\t\t\t<\/div>","protected":false},"excerpt":{"rendered":"<p>Escr\u00edbenos Nos encantar\u00eda que nos cuentes sobre tu proyecto profesional. Ra\u00fal Labb\u00e9 12613 Of.614 Lo Barnechea. Santiago, Chile ari@primerapuerta.cl +56 9 9874 4442 [wpforms id=&#8221;780&#8243; title=&#8221;false&#8221; description=&#8221;false&#8221;]<\/p>\n","protected":false},"author":1,"featured_media":0,"parent":0,"menu_order":0,"comment_status":"closed","ping_status":"closed","template":"elementor_header_footer","meta":{"site-sidebar-layout":"default","site-content-layout":"default","ast-site-content-layout":"default","site-content-style":"default","site-sidebar-style":"default","ast-global-header-display":"","ast-banner-title-visibility":"","ast-main-header-display":"","ast-hfb-above-header-display":"","ast-hfb-below-header-display":"","ast-hfb-mobile-header-display":"","site-post-title":"","ast-breadcrumbs-content":"","ast-featured-img":"","footer-sml-layout":"","ast-disable-related-posts":"","theme-transparent-header-meta":"default","adv-header-id-meta":"","stick-header-meta":"","header-above-stick-meta":"","header-main-stick-meta":"","header-below-stick-meta":"","astra-migrate-meta-layouts":"default","ast-page-background-enabled":"default","ast-page-background-meta":{"desktop":{"background-color":"var(--ast-global-color-4)","background-image":"","background-repeat":"repeat","background-position":"center center","background-size":"auto","background-attachment":"scroll","background-type":"","background-media":"","overlay-type":"","overlay-color":"","overlay-opacity":"","overlay-gradient":""},"tablet":{"background-color":"","background-image":"","background-repeat":"repeat","background-position":"center center","background-size":"auto","background-attachment":"scroll","background-type":"","background-media":"","overlay-type":"","overlay-color":"","overlay-opacity":"","overlay-gradient":""},"mobile":{"background-color":"","background-image":"","background-repeat":"repeat","background-position":"center center","background-size":"auto","background-attachment":"scroll","background-type":"","background-media":"","overlay-type":"","overlay-color":"","overlay-opacity":"","overlay-gradient":""}},"ast-content-background-meta":{"desktop":{"background-color":"var(--ast-global-color-5)","background-image":"","background-repeat":"repeat","background-position":"center center","background-size":"auto","background-attachment":"scroll","background-type":"","background-media":"","overlay-type":"","overlay-color":"","overlay-opacity":"","overlay-gradient":""},"tablet":{"background-color":"var(--ast-global-color-5)","background-image":"","background-repeat":"repeat","background-position":"center center","background-size":"auto","background-attachment":"scroll","background-type":"","background-media":"","overlay-type":"","overlay-color":"","overlay-opacity":"","overlay-gradient":""},"mobile":{"background-color":"var(--ast-global-color-5)","background-image":"","background-repeat":"repeat","background-position":"center center","background-size":"auto","background-attachment":"scroll","background-type":"","background-media":"","overlay-type":"","overlay-color":"","overlay-opacity":"","overlay-gradient":""}},"footnotes":""},"class_list":["post-25","page","type-page","status-publish","hentry"],"yoast_head":"<!-- This site is optimized with the Yoast SEO plugin v27.5 - https:\/\/yoast.com\/product\/yoast-seo-wordpress\/ -->\n<title>Contacto - Primera Puerta<\/title>\n<meta name=\"robots\" content=\"index, follow, max-snippet:-1, max-image-preview:large, max-video-preview:-1\" \/>\n<link rel=\"canonical\" href=\"https:\/\/www.primerapuerta.cl\/en\/contacto\/\" \/>\n<meta property=\"og:locale\" content=\"en_US\" \/>\n<meta property=\"og:type\" content=\"article\" \/>\n<meta property=\"og:title\" content=\"Contacto - Primera Puerta\" \/>\n<meta property=\"og:description\" content=\"Escr\u00edbenos Nos encantar\u00eda que nos cuentes sobre tu proyecto profesional. Ra\u00fal Labb\u00e9 12613 Of.614 Lo Barnechea. Santiago, Chile ari@primerapuerta.cl +56 9 9874 4442 [wpforms id=&#8221;780&#8243; title=&#8221;false&#8221; description=&#8221;false&#8221;]\" \/>\n<meta property=\"og:url\" content=\"https:\/\/www.primerapuerta.cl\/en\/contacto\/\" \/>\n<meta property=\"og:site_name\" content=\"Primera Puerta\" \/>\n<meta property=\"article:publisher\" content=\"https:\/\/www.facebook.com\/PrimeraPuerta\" \/>\n<meta property=\"article:modified_time\" content=\"2022-10-12T12:09:45+00:00\" \/>\n<meta name=\"twitter:card\" content=\"summary_large_image\" \/>\n<script type=\"application\/ld+json\" class=\"yoast-schema-graph\">{\"@context\":\"https:\\\/\\\/schema.org\",\"@graph\":[{\"@type\":\"WebPage\",\"@id\":\"https:\\\/\\\/www.primerapuerta.cl\\\/en\\\/contacto\\\/\",\"url\":\"https:\\\/\\\/www.primerapuerta.cl\\\/en\\\/contacto\\\/\",\"name\":\"Contacto - Primera Puerta\",\"isPartOf\":{\"@id\":\"https:\\\/\\\/www.primerapuerta.cl\\\/#website\"},\"datePublished\":\"2022-09-26T16:01:08+00:00\",\"dateModified\":\"2022-10-12T12:09:45+00:00\",\"breadcrumb\":{\"@id\":\"https:\\\/\\\/www.primerapuerta.cl\\\/en\\\/contacto\\\/#breadcrumb\"},\"inLanguage\":\"en-US\",\"potentialAction\":[{\"@type\":\"ReadAction\",\"target\":[\"https:\\\/\\\/www.primerapuerta.cl\\\/en\\\/contacto\\\/\"]}]},{\"@type\":\"BreadcrumbList\",\"@id\":\"https:\\\/\\\/www.primerapuerta.cl\\\/en\\\/contacto\\\/#breadcrumb\",\"itemListElement\":[{\"@type\":\"ListItem\",\"position\":1,\"name\":\"Portada\",\"item\":\"https:\\\/\\\/www.primerapuerta.cl\\\/\"},{\"@type\":\"ListItem\",\"position\":2,\"name\":\"Contacto\"}]},{\"@type\":\"WebSite\",\"@id\":\"https:\\\/\\\/www.primerapuerta.cl\\\/#website\",\"url\":\"https:\\\/\\\/www.primerapuerta.cl\\\/\",\"name\":\"Primera Puerta\",\"description\":\"Dise\u00f1amos, desarrollamos y fabricamos etiquetas, packaging y embalages para la industria. Ofrecemos soluciones sostenibles para tu empresa y el dise\u00f1o de tus productos. Nuestra propuesta de valor es el packaging estrat\u00e9gico.\",\"publisher\":{\"@id\":\"https:\\\/\\\/www.primerapuerta.cl\\\/#organization\"},\"potentialAction\":[{\"@type\":\"SearchAction\",\"target\":{\"@type\":\"EntryPoint\",\"urlTemplate\":\"https:\\\/\\\/www.primerapuerta.cl\\\/?s={search_term_string}\"},\"query-input\":{\"@type\":\"PropertyValueSpecification\",\"valueRequired\":true,\"valueName\":\"search_term_string\"}}],\"inLanguage\":\"en-US\"},{\"@type\":\"Organization\",\"@id\":\"https:\\\/\\\/www.primerapuerta.cl\\\/#organization\",\"name\":\"Primera Puerta\",\"url\":\"https:\\\/\\\/www.primerapuerta.cl\\\/\",\"logo\":{\"@type\":\"ImageObject\",\"inLanguage\":\"en-US\",\"@id\":\"https:\\\/\\\/www.primerapuerta.cl\\\/#\\\/schema\\\/logo\\\/image\\\/\",\"url\":\"https:\\\/\\\/i0.wp.com\\\/www.primerapuerta.cl\\\/wp-content\\\/uploads\\\/2022\\\/09\\\/Logo_Mesa-de-trabajo-1.png?fit=2084%2C965&ssl=1\",\"contentUrl\":\"https:\\\/\\\/i0.wp.com\\\/www.primerapuerta.cl\\\/wp-content\\\/uploads\\\/2022\\\/09\\\/Logo_Mesa-de-trabajo-1.png?fit=2084%2C965&ssl=1\",\"width\":2084,\"height\":965,\"caption\":\"Primera Puerta\"},\"image\":{\"@id\":\"https:\\\/\\\/www.primerapuerta.cl\\\/#\\\/schema\\\/logo\\\/image\\\/\"},\"sameAs\":[\"https:\\\/\\\/www.facebook.com\\\/PrimeraPuerta\",\"https:\\\/\\\/www.instagram.com\\\/primera_puerta\\\/\"]}]}<\/script>\n<!-- \/ Yoast SEO plugin. -->","yoast_head_json":{"title":"Contacto - Primera Puerta","robots":{"index":"index","follow":"follow","max-snippet":"max-snippet:-1","max-image-preview":"max-image-preview:large","max-video-preview":"max-video-preview:-1"},"canonical":"https:\/\/www.primerapuerta.cl\/en\/contacto\/","og_locale":"en_US","og_type":"article","og_title":"Contacto - Primera Puerta","og_description":"Escr\u00edbenos Nos encantar\u00eda que nos cuentes sobre tu proyecto profesional. Ra\u00fal Labb\u00e9 12613 Of.614 Lo Barnechea. Santiago, Chile ari@primerapuerta.cl +56 9 9874 4442 [wpforms id=&#8221;780&#8243; title=&#8221;false&#8221; description=&#8221;false&#8221;]","og_url":"https:\/\/www.primerapuerta.cl\/en\/contacto\/","og_site_name":"Primera Puerta","article_publisher":"https:\/\/www.facebook.com\/PrimeraPuerta","article_modified_time":"2022-10-12T12:09:45+00:00","twitter_card":"summary_large_image","schema":{"@context":"https:\/\/schema.org","@graph":[{"@type":"WebPage","@id":"https:\/\/www.primerapuerta.cl\/en\/contacto\/","url":"https:\/\/www.primerapuerta.cl\/en\/contacto\/","name":"Contacto - Primera Puerta","isPartOf":{"@id":"https:\/\/www.primerapuerta.cl\/#website"},"datePublished":"2022-09-26T16:01:08+00:00","dateModified":"2022-10-12T12:09:45+00:00","breadcrumb":{"@id":"https:\/\/www.primerapuerta.cl\/en\/contacto\/#breadcrumb"},"inLanguage":"en-US","potentialAction":[{"@type":"ReadAction","target":["https:\/\/www.primerapuerta.cl\/en\/contacto\/"]}]},{"@type":"BreadcrumbList","@id":"https:\/\/www.primerapuerta.cl\/en\/contacto\/#breadcrumb","itemListElement":[{"@type":"ListItem","position":1,"name":"Portada","item":"https:\/\/www.primerapuerta.cl\/"},{"@type":"ListItem","position":2,"name":"Contacto"}]},{"@type":"WebSite","@id":"https:\/\/www.primerapuerta.cl\/#website","url":"https:\/\/www.primerapuerta.cl\/","name":"Primera Puerta","description":"Dise\u00f1amos, desarrollamos y fabricamos etiquetas, packaging y embalages para la industria. Ofrecemos soluciones sostenibles para tu empresa y el dise\u00f1o de tus productos. Nuestra propuesta de valor es el packaging estrat\u00e9gico.","publisher":{"@id":"https:\/\/www.primerapuerta.cl\/#organization"},"potentialAction":[{"@type":"SearchAction","target":{"@type":"EntryPoint","urlTemplate":"https:\/\/www.primerapuerta.cl\/?s={search_term_string}"},"query-input":{"@type":"PropertyValueSpecification","valueRequired":true,"valueName":"search_term_string"}}],"inLanguage":"en-US"},{"@type":"Organization","@id":"https:\/\/www.primerapuerta.cl\/#organization","name":"Primera Puerta","url":"https:\/\/www.primerapuerta.cl\/","logo":{"@type":"ImageObject","inLanguage":"en-US","@id":"https:\/\/www.primerapuerta.cl\/#\/schema\/logo\/image\/","url":"https:\/\/i0.wp.com\/www.primerapuerta.cl\/wp-content\/uploads\/2022\/09\/Logo_Mesa-de-trabajo-1.png?fit=2084%2C965&ssl=1","contentUrl":"https:\/\/i0.wp.com\/www.primerapuerta.cl\/wp-content\/uploads\/2022\/09\/Logo_Mesa-de-trabajo-1.png?fit=2084%2C965&ssl=1","width":2084,"height":965,"caption":"Primera Puerta"},"image":{"@id":"https:\/\/www.primerapuerta.cl\/#\/schema\/logo\/image\/"},"sameAs":["https:\/\/www.facebook.com\/PrimeraPuerta","https:\/\/www.instagram.com\/primera_puerta\/"]}]}},"jetpack_sharing_enabled":true,"_links":{"self":[{"href":"https:\/\/www.primerapuerta.cl\/en\/wp-json\/wp\/v2\/pages\/25","targetHints":{"allow":["GET"]}}],"collection":[{"href":"https:\/\/www.primerapuerta.cl\/en\/wp-json\/wp\/v2\/pages"}],"about":[{"href":"https:\/\/www.primerapuerta.cl\/en\/wp-json\/wp\/v2\/types\/page"}],"author":[{"embeddable":true,"href":"https:\/\/www.primerapuerta.cl\/en\/wp-json\/wp\/v2\/users\/1"}],"replies":[{"embeddable":true,"href":"https:\/\/www.primerapuerta.cl\/en\/wp-json\/wp\/v2\/comments?post=25"}],"version-history":[{"count":49,"href":"https:\/\/www.primerapuerta.cl\/en\/wp-json\/wp\/v2\/pages\/25\/revisions"}],"predecessor-version":[{"id":1519,"href":"https:\/\/www.primerapuerta.cl\/en\/wp-json\/wp\/v2\/pages\/25\/revisions\/1519"}],"wp:attachment":[{"href":"https:\/\/www.primerapuerta.cl\/en\/wp-json\/wp\/v2\/media?parent=25"}],"curies":[{"name":"wp","href":"https:\/\/api.w.org\/{rel}","templated":true}]}}